{"id":1075,"date":"2021-10-08T15:27:30","date_gmt":"2021-10-08T13:27:30","guid":{"rendered":"https:\/\/www.davidminerals.com\/cookie-policy\/"},"modified":"2021-10-08T15:27:30","modified_gmt":"2021-10-08T13:27:30","slug":"cookie-policy","status":"publish","type":"page","link":"https:\/\/www.davidminerals.com\/en\/cookie-policy\/","title":{"rendered":"Cookie Policy"},"content":{"rendered":"\n<p>Gli applicativi software utilizzati possono contenere la tecnologia \u201ccookie\u201d. I cookie hanno principalmente la funzione di agevolare la navigazione da parte dell\u2019utente. I cookie potranno fornire informazioni sulla navigazione all\u2019interno del Sito e permettere il funzionamento di alcuni servizi che richiedono l\u2019identificazione del percorso dell\u2019utente attraverso diverse pagine del Sito. Per qualsiasi accesso al portale indipendentemente dalla presenza di un cookie, vengono registrati il tipo di browser il sistema operativo (es. Microsoft, Apple, Android, Linux, ecc), l\u2019Host e l\u2019URL di provenienza del visitatore, oltre ai dati sulla pagina richiesta. L\u2019utente ha comunque modo di impostare il proprio browser in modo da essere informato quando ricevete un cookie e decidere in questo modo di eliminarlo. Ulteriori informazioni sui cookie sono reperibili sui siti web dei forniti di browser.<\/p>\n\n<h3 class=\"wp-block-heading\">Cosa sono i cookie?<\/h3>\n\n<p>I cookie sono stringhe di testo di piccole dimensioni conservate nel computer dell\u2019utente, quando si visitano determinate pagine su internet. Nella maggior parte dei browser i cookie sono abilitati, in calce le informazioni necessarie per modificare le impostazioni dei cookie sul browser. I cookie non sono dannosi per il device. Nei cookie che generiamo, non conserviamo informazioni identificative personali, ma usiamo informazioni per migliorare la permanenza sul sito. Per esempio sono utili per identificare e risolvere errori.<br\/>&#13;\nI cookie possono svolgere diverse funzioni, come ad esempio di navigare fra le varie pagine in modo efficiente e in generale possono migliorare la permanenza dell\u2019utente. Il titolare si riserva il diritto di utilizzare i cookie, con il consenso dell\u2019utente ove la legge o i regolamenti applicabili cos\u00ec stabiliscano, per facilitare la navigazione su questo sito e personalizzare le informazioni che appariranno. Il titolare si riserva inoltre il diritto di usare sistemi simili per raccogliere informazioni sugli utenti del sito, quali ad esempio tipo di browser internet e sistema operativo utilizzato, per finalit\u00e0 statistiche o di sicurezza<\/p>\n\n<h3 class=\"wp-block-heading\">Tipi di cookie<\/h3>\n\n<p>I cookie poi si distinguono in \u201cdi sessione\u201d e \u201cpersistenti\u201d, i primi una volta scaricati vengono poi eliminati alla chiusura del Browser, i secondi invece vengono memorizzati fino alla loro scadenza o cancellazione. I cookie di sessione utilizzati hanno lo scopo di velocizzare l\u2019analisi del traffico su Internet e facilitare agli utenti l\u2019accesso ai servizi offerti dal sito. I cookie di sessione vengono principalmente utilizzati in fase di autenticazione, autorizzazione e navigazione nei servizi ai quali si accede tramite una registrazione. La maggior parte dei browser \u00e8 impostata per accettare i cookie. Se non si desidera accettare i cookie, \u00e8 possibile impostare il computer affinch\u00e8 li rifiuti oppure visualizzi un avviso quando essi vengono archiviati. Se l\u2019interessato rifiuta l\u2019uso dei cookie alcune funzionalit\u00e0 del sito potrebbero non funzionare correttamente ed alcuni dei servizi non essere disponibili. L\u2019uso di c.d. cookie di sessione \u00e8 strettamente limitato alla trasmissione di identificativi di sessione, necessari per consentire l\u2019esplorazione sicura ed efficiente del sito. Tali dati hanno natura tecnica, validit\u00e0 temporanea e non sono raccolti allo scopo di identificare gli utenti ma, per via del loro funzionamento e in combinazione con altri dati detenuti da soggetti terzi (ad esempio il fornitore di connessione Internet dell\u2019interessato), potrebbero permetterne l\u2019identificazione. I Cookie di prima parte sono leggibili al solo dominio che li ha creati.<\/p>\n\n<h3 class=\"wp-block-heading\">Che cookie utilizziamo:<\/h3>\n\n<h3 class=\"wp-block-heading\">Cookie strettamente necessari al funzionamento del sito<\/h3>\n\n<p>Sono cookie indispensabili alla navigazione sul sito (per esempio gli identificativi di sessione) che consentono di utilizzare le principali funzionalit\u00e0 del sito e di proteggere la connessione. Senza questi cookie, non sar\u00e0 possibile utilizzare normalmente il sito.<\/p>\n\n<h3 class=\"wp-block-heading\">Cookie che aiutano alla navigazione.<\/h3>\n\n<p>Ad esempio memorizzano informazioni in merito alle autenticazioni.<\/p>\n\n<h3 class=\"wp-block-heading\">Cookie di terze parti<\/h3>\n\n<p>Questo sito utilizza i seguenti cookie di terze parti. In particolare Google Analitycs. Google Analitycs \u00e8 un sito di statistiche, ad esempio calcola il numero dei visitatori, che tipo di tecnologia stanno utilizzando (per esempio Mac o Windows ) , quanto tempo trascorrono sul sito. Tutti i dati raccolti sono anonimi ed in forma aggregata. Per il funzionamento dei cookie in Google Analytics potete consultare la documentazione ufficiale fornita da Google cliccando su questo link<br\/><a href=\"http:\/\/code.google.com\/apis\/analytics\/docs\/concepts\/gaConceptsCookie.html\">http:\/\/code.google.com\/apis\/analytics\/docs\/concepts\/gaConceptsCookie.html<\/a><br\/>&#13;\nPulsanti e widget di social network<br\/>&#13;\nI Social buttons sono quei particolari pulsanti presenti sul sito che raffigurano le icone di social network (esempio, Facebook e Twitter) e consentono agli utenti che stanno navigando di interagire con un \u2018click\u2019 direttamente con le piattaforme social. I social buttons utilizzati dal sito; sono dei link che rinviano agli account del Titolare sui social network raffigurati. Tramite l\u2019utilizzo di tali pulsanti non sono pertanto installati sul sito cookie di terze parti. Si riportano comunque i link ove l\u2019utente pu\u00f2 prendere visione dell\u2019informativa privacy relativa alla gestione dei dati da parte dei Social cui i pulsanti rinviano.<br\/><a href=\"https:\/\/support.twitter.com\/articles\/20170519-uso-dei-cookie-e-di-altre-tecnologie-simili-da-parte-di-twitter#\">https:\/\/support.twitter.com\/articles\/20170519-uso-dei-cookie-e-di-altre-tecnologie-simili-da-parte-di-twitter#<\/a><br\/><a href=\"https:\/\/www.linkedin.com\/legal\/cookie_policy\">https:\/\/www.linkedin.com\/legal\/cookie_policy<\/a><br\/><a href=\"http:\/\/www.google.com\/intl\/en\/policies\/technologies\/cookies\/\">http:\/\/www.google.com\/intl\/en\/policies\/technologies\/cookies\/<\/a><\/p>\n\n<p><a href=\"https:\/\/www.facebook.com\/help\/cookies\/\">https:\/\/www.facebook.com\/help\/cookies\/<\/a><\/p>\n\n<h3 class=\"wp-block-heading\">Come posso disabilitare i cookie?<\/h3>\n\n<p>La maggior parte dei browser accettano i cookie automaticamente, ma potete anche scegliere di non accettarli. Se non desideri che il tuo computer riceva e memorizzi cookie, puoi modificare le impostazioni di sicurezza del browser (Internet Explorer, Google Chrome, Mozilla Firefox, Safari ecc). Esistono diversi modi per gestire i cookie e altre tecnologie di tracciabilit\u00e0. Modificando le impostazioni del browser, si pu\u00f2 accettare o rifiutare i cookie o decidere di ricevere un messaggio di avviso prima di accettare un cookie dai siti Web visitati. Si possono eliminare tutti i cookie installati nella cartella dei cookie del suo browser. Ciascun browser presenta procedure diverse per la gestione delle impostazioni. I cookie possono essere disattivati direttamente dal proprio web browser. Per informazioni pi\u00f9 dettagliate in riferimento alle opzioni di disattivazione dei cookie ecco l\u2019elenco dei link per la configurazione dei browser pi\u00f9 diffusi.<br\/>&#13;\n\u2013\u00a0<a href=\"https:\/\/support.mozilla.org\/it\/kb\/Attivare%20e%20disattivare%20i%20cookie\" target=\"_blank\" rel=\"noopener noreferrer\">Come disattivare i cookie in Firefox<\/a><br\/>&#13;\n\u2013\u00a0<a href=\"https:\/\/support.google.com\/chrome\/answer\/95647?hl=i\" target=\"_blank\" rel=\"noopener noreferrer\">Come disattivare i cookie in Chrome<\/a><br\/>&#13;\n\u2013\u00a0<a href=\"http:\/\/windows.microsoft.com\/it-it\/windows7\/block-enable-or-allow-cookies\" target=\"_blank\" rel=\"noopener noreferrer\">Come disattivare i cookie in Internet Explorer<\/a><br\/>&#13;\n\u2013\u00a0<a href=\"https:\/\/support.apple.com\/it-it\/HT201265\" target=\"_blank\" rel=\"noopener noreferrer\">Come disattivare i cookie in Safari<\/a><br\/>&#13;\n\u2013\u00a0<a href=\"http:\/\/help.opera.com\/Windows\/10.00\/it\/cookies.html\" target=\"_blank\" rel=\"noopener noreferrer\">Come disattivare i cookie in Opera<\/a><br\/>&#13;\nSe non si utilizza nessuno dei browser sopra elencati, seleziona \u201ccookie\u201d nella relativa sezione della guida per scoprire dove si trova la tua cartella dei cookie.<\/p>\n","protected":false},"excerpt":{"rendered":"<p>Gli applicativi software utilizzati possono contenere la tecnologia \u201ccookie\u201d. I cookie hanno principalmente la funzione di agevolare la navigazione da parte dell\u2019utente. I cookie potranno&hellip;<\/p>\n","protected":false},"author":1,"featured_media":0,"parent":0,"menu_order":0,"comment_status":"closed","ping_status":"closed","template":"","meta":{"inline_featured_image":false,"footnotes":""},"yoast_head":"<!-- This site is optimized with the Yoast SEO plugin v21.5 - https:\/\/yoast.com\/wordpress\/plugins\/seo\/ -->\n<title>Cookie Policy | David Minerals<\/title>\n<meta name=\"robots\" content=\"index, follow, max-snippet:-1, max-image-preview:large, max-video-preview:-1\" \/>\n<link rel=\"canonical\" href=\"https:\/\/www.davidminerals.com\/cookie-policy\/\" \/>\n<meta property=\"og:locale\" content=\"en_US\" \/>\n<meta property=\"og:type\" content=\"article\" \/>\n<meta property=\"og:title\" content=\"Cookie Policy | David Minerals\" \/>\n<meta property=\"og:description\" content=\"Gli applicativi software utilizzati possono contenere la tecnologia \u201ccookie\u201d. I cookie hanno principalmente la funzione di agevolare la navigazione da parte dell\u2019utente. I cookie potranno&hellip;\" \/>\n<meta property=\"og:url\" content=\"https:\/\/www.davidminerals.com\/cookie-policy\/\" \/>\n<meta property=\"og:site_name\" content=\"David Minerals\" \/>\n<meta name=\"twitter:card\" content=\"summary_large_image\" \/>\n<meta name=\"twitter:label1\" content=\"Est. reading time\" \/>\n\t<meta name=\"twitter:data1\" content=\"5 minutes\" \/>\n<script type=\"application\/ld+json\" class=\"yoast-schema-graph\">{\"@context\":\"https:\/\/schema.org\",\"@graph\":[{\"@type\":\"WebPage\",\"@id\":\"https:\/\/www.davidminerals.com\/cookie-policy\/\",\"url\":\"https:\/\/www.davidminerals.com\/cookie-policy\/\",\"name\":\"Cookie Policy | David Minerals\",\"isPartOf\":{\"@id\":\"https:\/\/www.davidminerals.com\/#website\"},\"datePublished\":\"2021-10-08T13:27:30+00:00\",\"dateModified\":\"2021-10-08T13:27:30+00:00\",\"breadcrumb\":{\"@id\":\"https:\/\/www.davidminerals.com\/cookie-policy\/#breadcrumb\"},\"inLanguage\":\"en-US\",\"potentialAction\":[{\"@type\":\"ReadAction\",\"target\":[\"https:\/\/www.davidminerals.com\/cookie-policy\/\"]}]},{\"@type\":\"BreadcrumbList\",\"@id\":\"https:\/\/www.davidminerals.com\/cookie-policy\/#breadcrumb\",\"itemListElement\":[{\"@type\":\"ListItem\",\"position\":1,\"name\":\"Home\",\"item\":\"https:\/\/www.davidminerals.com\/en\/\"},{\"@type\":\"ListItem\",\"position\":2,\"name\":\"Cookie Policy\"}]},{\"@type\":\"WebSite\",\"@id\":\"https:\/\/www.davidminerals.com\/#website\",\"url\":\"https:\/\/www.davidminerals.com\/\",\"name\":\"David Minerals\",\"description\":\"Matterie prime per l&#039;industria\",\"publisher\":{\"@id\":\"https:\/\/www.davidminerals.com\/#organization\"},\"potentialAction\":[{\"@type\":\"SearchAction\",\"target\":{\"@type\":\"EntryPoint\",\"urlTemplate\":\"https:\/\/www.davidminerals.com\/?s={search_term_string}\"},\"query-input\":\"required name=search_term_string\"}],\"inLanguage\":\"en-US\"},{\"@type\":\"Organization\",\"@id\":\"https:\/\/www.davidminerals.com\/#organization\",\"name\":\"David Minerals\",\"url\":\"https:\/\/www.davidminerals.com\/\",\"logo\":{\"@type\":\"ImageObject\",\"inLanguage\":\"en-US\",\"@id\":\"https:\/\/www.davidminerals.com\/#\/schema\/logo\/image\/\",\"url\":\"https:\/\/www.davidminerals.com\/wp-content\/uploads\/2019\/04\/logo_retina.png\",\"contentUrl\":\"https:\/\/www.davidminerals.com\/wp-content\/uploads\/2019\/04\/logo_retina.png\",\"width\":280,\"height\":120,\"caption\":\"David Minerals\"},\"image\":{\"@id\":\"https:\/\/www.davidminerals.com\/#\/schema\/logo\/image\/\"}}]}<\/script>\n<!-- \/ Yoast SEO plugin. -->","yoast_head_json":{"title":"Cookie Policy | David Minerals","robots":{"index":"index","follow":"follow","max-snippet":"max-snippet:-1","max-image-preview":"max-image-preview:large","max-video-preview":"max-video-preview:-1"},"canonical":"https:\/\/www.davidminerals.com\/cookie-policy\/","og_locale":"en_US","og_type":"article","og_title":"Cookie Policy | David Minerals","og_description":"Gli applicativi software utilizzati possono contenere la tecnologia \u201ccookie\u201d. I cookie hanno principalmente la funzione di agevolare la navigazione da parte dell\u2019utente. I cookie potranno&hellip;","og_url":"https:\/\/www.davidminerals.com\/cookie-policy\/","og_site_name":"David Minerals","twitter_card":"summary_large_image","twitter_misc":{"Est. reading time":"5 minutes"},"schema":{"@context":"https:\/\/schema.org","@graph":[{"@type":"WebPage","@id":"https:\/\/www.davidminerals.com\/cookie-policy\/","url":"https:\/\/www.davidminerals.com\/cookie-policy\/","name":"Cookie Policy | David Minerals","isPartOf":{"@id":"https:\/\/www.davidminerals.com\/#website"},"datePublished":"2021-10-08T13:27:30+00:00","dateModified":"2021-10-08T13:27:30+00:00","breadcrumb":{"@id":"https:\/\/www.davidminerals.com\/cookie-policy\/#breadcrumb"},"inLanguage":"en-US","potentialAction":[{"@type":"ReadAction","target":["https:\/\/www.davidminerals.com\/cookie-policy\/"]}]},{"@type":"BreadcrumbList","@id":"https:\/\/www.davidminerals.com\/cookie-policy\/#breadcrumb","itemListElement":[{"@type":"ListItem","position":1,"name":"Home","item":"https:\/\/www.davidminerals.com\/en\/"},{"@type":"ListItem","position":2,"name":"Cookie Policy"}]},{"@type":"WebSite","@id":"https:\/\/www.davidminerals.com\/#website","url":"https:\/\/www.davidminerals.com\/","name":"David Minerals","description":"Matterie prime per l&#039;industria","publisher":{"@id":"https:\/\/www.davidminerals.com\/#organization"},"potentialAction":[{"@type":"SearchAction","target":{"@type":"EntryPoint","urlTemplate":"https:\/\/www.davidminerals.com\/?s={search_term_string}"},"query-input":"required name=search_term_string"}],"inLanguage":"en-US"},{"@type":"Organization","@id":"https:\/\/www.davidminerals.com\/#organization","name":"David Minerals","url":"https:\/\/www.davidminerals.com\/","logo":{"@type":"ImageObject","inLanguage":"en-US","@id":"https:\/\/www.davidminerals.com\/#\/schema\/logo\/image\/","url":"https:\/\/www.davidminerals.com\/wp-content\/uploads\/2019\/04\/logo_retina.png","contentUrl":"https:\/\/www.davidminerals.com\/wp-content\/uploads\/2019\/04\/logo_retina.png","width":280,"height":120,"caption":"David Minerals"},"image":{"@id":"https:\/\/www.davidminerals.com\/#\/schema\/logo\/image\/"}}]}},"_links":{"self":[{"href":"https:\/\/www.davidminerals.com\/en\/wp-json\/wp\/v2\/pages\/1075"}],"collection":[{"href":"https:\/\/www.davidminerals.com\/en\/wp-json\/wp\/v2\/pages"}],"about":[{"href":"https:\/\/www.davidminerals.com\/en\/wp-json\/wp\/v2\/types\/page"}],"author":[{"embeddable":true,"href":"https:\/\/www.davidminerals.com\/en\/wp-json\/wp\/v2\/users\/1"}],"replies":[{"embeddable":true,"href":"https:\/\/www.davidminerals.com\/en\/wp-json\/wp\/v2\/comments?post=1075"}],"version-history":[{"count":1,"href":"https:\/\/www.davidminerals.com\/en\/wp-json\/wp\/v2\/pages\/1075\/revisions"}],"predecessor-version":[{"id":1076,"href":"https:\/\/www.davidminerals.com\/en\/wp-json\/wp\/v2\/pages\/1075\/revisions\/1076"}],"wp:attachment":[{"href":"https:\/\/www.davidminerals.com\/en\/wp-json\/wp\/v2\/media?parent=1075"}],"curies":[{"name":"wp","href":"https:\/\/api.w.org\/{rel}","templated":true}]}}